{"id":49,"date":"2020-07-02T18:02:53","date_gmt":"2020-07-02T18:02:53","guid":{"rendered":"https:\/\/kitapiya.yekmal.de\/?page_id=49"},"modified":"2026-03-09T13:50:02","modified_gmt":"2026-03-09T13:50:02","slug":"kita-piya-kreuzberg","status":"publish","type":"page","link":"https:\/\/kitapiya.yekmal.de\/?page_id=49","title":{"rendered":"Kita P\u00eeya Kreuzberg"},"content":{"rendered":"<p>In unserer liebevoll gestalteten Kita P\u00eeya im Herzen Kreuzbergs betreuen wir insgesamt 45 Kinder im Alter von einem Jahr bis zum Schuleintritt. Kinder aus diversen Hintergr\u00fcnden sind bei uns herzlich willkommen und jede Familie ist ein wertvoller Teil unserer Gemeinschaft.<\/p>\n<h3>Unser p\u00e4dagogischer Ansatz und R\u00e4ume<\/h3>\n<p>Unsere p\u00e4dagogische Arbeit basiert auf dem Berliner Bildungsprogramm und dem Early Excellence-Ansatz, der den ressourcenorientierten Blick auf die individuelle Entwicklung jedes einzelnen Kindes richtet. Hier steht Ihr Kind im Mittelpunkt: Es soll spielend, forschend und experimentierend seine Pers\u00f6nlichkeit entfalten und seine Bed\u00fcrfnisse, Interessen und F\u00e4higkeiten kennenlernen.<\/p>\n<p>Ein besonderes Augenmerk legen wir auf die offene Arbeit und ein offenes Raumkonzept. In unserer Kita gibt es f\u00fcnf p\u00e4dagogische R\u00e4ume, wobei ein Raum speziell f\u00fcr 11 Krippenkinder in einem abgetrennten Bereich genutzt wird. Die vier weiteren R\u00e4ume stehen den Kindern des Elementarbereichs zur Verf\u00fcgung, die eigenst\u00e4ndig entscheiden k\u00f6nnen, an welchen Aktivit\u00e4ten sie teilnehmen m\u00f6chten. <br \/>Neben einem barrierefreien WC steht den Kindern ein gro\u00dfer Sanit\u00e4rraum zur Verf\u00fcgung, in dem sie auch die M\u00f6glichkeit haben, mit Wasser zu experimentieren und dabei spielerisch zu lernen.<\/p>\n<p>Zus\u00e4tzlich verf\u00fcgen wir \u00fcber eine gro\u00dfz\u00fcgige Gr\u00fcnfl\u00e4che mit Wasseranlage, die etwa 700 Meter von der Einrichtung entfernt liegt und f\u00fcr vielf\u00e4ltige Aktivit\u00e4ten genutzt wird. Hier lernen die Kinder zu pflanzen, zu bew\u00e4ssern und zu ernten, wodurch sie einen direkten Bezug zur Natur und zur Umwelt entwickeln.<\/p>\n<h3>Bilinguales Konzept<\/h3>\n<p>\u201eSprache ist der Schl\u00fcssel zur Welt\u201c \u2013 diesem Motto folgend, nimmt unser bilinguales Konzept einen hohen Stellenwert ein. Wir arbeiten nach dem Prinzip \u201eone person \u2013 one language\u201c, also \u201eeine Person \u2013 eine Sprache\u201c. Dieses Prinzip setzen wir durch das Immersionsmodell um, unterst\u00fctzt von unserem engagierten deutschen und kurdischen Fachpersonal. So werden die Kinder in beiden Sprachen durch alle Aktivit\u00e4ten gef\u00fchrt und tauchen spielerisch in die deutsche und kurdische Sprache ein.<\/p>\n<h3>Interkulturalit\u00e4t und Vielfalt<\/h3>\n<p>Unser bilinguales Konzept bietet uns eine hervorragende M\u00f6glichkeit, Interkulturalit\u00e4t aktiv zu leben und zu f\u00f6rdern. Unser Team ist selbst vielf\u00e4ltig und interkulturell und lebt diese Werte in unserer t\u00e4glichen Arbeit. So vermitteln wir den Kindern ein lebendiges Beispiel f\u00fcr den respektvollen Umgang mit unterschiedlichen Kulturen und Sprachen. Wir schaffen eine Umgebung in der diese Vielfalt nicht nur respektiert, sondern aktiv gelebt wird.<br \/>Ein besonderes Augenmerk legen wir auf unsere Kinderb\u00fccher. Alle B\u00fccher sowie andere Materialien, die wir f\u00fcr die Kinder nutzen, werden sorgf\u00e4ltig analysiert, um sicherzustellen, dass sie diskriminierungsfreie und vorurteilsbewusste Inhalte bieten. Um unsere F\u00e4higkeit zur Erkennung und F\u00f6rderung von Vielfalt weiter zu st\u00e4rken, nehmen wir regelm\u00e4\u00dfig an Schulungen zu diesem Thema teil.<br \/>Unsere Kinder lernen bei uns, die Vielfalt zu sch\u00e4tzen und sich in einer multikulturellen Gesellschaft zurechtzufinden. Durch diesen Ansatz bereiten wir sie darauf vor, in einer globalisierten Welt offen und tolerant zu agieren.<\/p>\n<h3>Vorbereitung auf die Schule<\/h3>\n<p>Ein Jahr vor dem Schuleintritt bieten wir ein spezielles Vorschulprogramm an. Hier werden die Kinder mit Sprach- und Zahlenspielen sowie Konzentrations- und feinmotorischen \u00dcbungen optimal auf den Schulstart vorbereitet. Unsere p\u00e4dagogischen Fachkr\u00e4fte sorgen daf\u00fcr, dass jedes Kind individuell gef\u00f6rdert wird und einen guten Start in die Schule hat.<\/p>\n<h3>Gesunde Ern\u00e4hrung<\/h3>\n<p>In unserer Kita P\u00eeya sorgen zwei K\u00fcchenfeen t\u00e4glich f\u00fcr ein gesundes und ausgewogenes Fr\u00fchst\u00fcck, Mittagessen und Vesper, das den Qualit\u00e4tsstandards der Deutschen Gesellschaft f\u00fcr Ern\u00e4hrung entspricht. Unsere K\u00f6chin ist eine qualifizierte Ern\u00e4hrungsbotschafterin und nimmt regelm\u00e4\u00dfig an Fortbildungen zum Thema gesunde Ern\u00e4hrung teil. So stellen wir sicher, dass unser Speiseangebot stets auf dem neuesten Stand der Ern\u00e4hrungswissenschaft ist und Ihre Kinder k\u00f6stliche und n\u00e4hrstoffreiche Mahlzeiten genie\u00dfen k\u00f6nnen.<\/p>\n<h3>Unser qualifiziertes Team<\/h3>\n<p>Unser Team besteht aus hochqualifizierten und engagierten Fachkr\u00e4ften, die regelm\u00e4\u00dfig an Fort- und Weiterbildungen teilnehmen. So stellen wir sicher, dass wir stets auf dem neuesten Stand der p\u00e4dagogischen Forschung und Praxis sind. Unsere Mitarbeiter*innen sind nicht nur Expert*innen auf ihrem Gebiet, sondern bringen auch eine gro\u00dfe Leidenschaft f\u00fcr die Arbeit mit Kindern mit.<\/p>\n<p>Wir freuen uns darauf, Sie und Ihr Kind in der Kita P\u00eeya Kreuzberg willkommen zu hei\u00dfen und gemeinsam eine spannende und lehrreiche Zeit zu verbringen! Besuchen Sie uns und erleben Sie, wie wir Kinder auf ihrem individuellen Weg begleiten und f\u00f6rdern.<\/p>\n<h3>Kontaktdaten<\/h3>\n<p>Kita P\u00eeya Kreuzberg<br \/>Muskauer Stra\u00dfe 44, 10997 Berlin<br \/>Phone: 030 695 31 180<br \/>Fax: 030 695 31 181<br \/>E-Mail: kita-piya-kreuzberg@yekmal.de<br \/>\u00d6ffnungszeiten: Montag bis Freitag: 07:30 &#8211; 17:00<\/p>\n\n\n<p><\/p>\n","protected":false},"excerpt":{"rendered":"<p>In unserer liebevoll gestalteten Kita P\u00eeya im Herzen Kreuzbergs betreuen wir insgesamt 45 Kinder im Alter von einem Jahr bis &hellip; <\/p>\n","protected":false},"author":2,"featured_media":318,"parent":0,"menu_order":0,"comment_status":"closed","ping_status":"closed","template":"","meta":[],"_links":{"self":[{"href":"https:\/\/kitapiya.yekmal.de\/index.php?rest_route=\/wp\/v2\/pages\/49"}],"collection":[{"href":"https:\/\/kitapiya.yekmal.de\/index.php?rest_route=\/wp\/v2\/pages"}],"about":[{"href":"https:\/\/kitapiya.yekmal.de\/index.php?rest_route=\/wp\/v2\/types\/page"}],"author":[{"embeddable":true,"href":"https:\/\/kitapiya.yekmal.de\/index.php?rest_route=\/wp\/v2\/users\/2"}],"replies":[{"embeddable":true,"href":"https:\/\/kitapiya.yekmal.de\/index.php?rest_route=%2Fwp%2Fv2%2Fcomments&post=49"}],"version-history":[{"count":0,"href":"https:\/\/kitapiya.yekmal.de\/index.php?rest_route=\/wp\/v2\/pages\/49\/revisions"}],"wp:featuredmedia":[{"embeddable":true,"href":"https:\/\/kitapiya.yekmal.de\/index.php?rest_route=\/wp\/v2\/media\/318"}],"wp:attachment":[{"href":"https:\/\/kitapiya.yekmal.de\/index.php?rest_route=%2Fwp%2Fv2%2Fmedia&parent=49"}],"curies":[{"name":"wp","href":"https:\/\/api.w.org\/{rel}","templated":true}]}}