{"id":47,"date":"2020-07-02T18:02:29","date_gmt":"2020-07-02T18:02:29","guid":{"rendered":"https:\/\/kitapiya.yekmal.de\/?page_id=47"},"modified":"2026-03-09T13:47:00","modified_gmt":"2026-03-09T13:47:00","slug":"kita-piya-wedding","status":"publish","type":"page","link":"https:\/\/kitapiya.yekmal.de\/?page_id=47","title":{"rendered":"Kita P\u00eeya Wedding"},"content":{"rendered":"<p>Die Kita Piya Wedding ist die weltweit erste bilinguale kurdisch-deutsche Kindertagesst\u00e4tte &#8211; mitten im bunten Wedding und auf Wunsch der Eltern gegr\u00fcndet. Aus der Initiative der Eltern und dem Tr\u00e4ger Yekmal e.V. entstand 2014 unsere Kita, die seitdem 25 Kinder im Alter von 1 bis 6 Jahren bis zum Schuleintritt liebevoll begleitet. In unserer famili\u00e4ren Atmosph\u00e4re, versteckt in einem charmanten Hinterhof, sind alle Kinder und Familien herzlich willkommen \u2013 unabh\u00e4ngig von Herkunft, Sprache oder kulturellem Hintergrund. Bei uns finden alle ein Ort des Miteinanders, Lernens und Wachsens. Erleben Sie die Vielfalt unserer Kita und werden Sie Teil unserer Gemein-schaft!<\/p>\n<h3>Unser p\u00e4dagogischer Ansatz und unsere R\u00e4ume<\/h3>\n<p>Unsere p\u00e4dagogische Arbeit basiert auf dem Berliner Bildungsprogramm und dem Situationsansatz, bei dem die Kinder im Mittelpunkt stehen. In unserer Kita k\u00f6nnen die Kinder spielerisch, neugierig und mit Freude die Welt nach ihren eigenen Bed\u00fcrfnissen und W\u00fcnschen erkunden. Das zweist\u00f6ckige Geb\u00e4ude beherbergt zwei feste Gruppen: Im unteren Bereich betreuen wir 10 Kinder, im oberen Geschoss 15.<br \/>\nEin besonderes Highlight ist unser eigener Vorgarten, der ausschlie\u00dflich f\u00fcr unsere Kita genutzt wird. Dort finden die Kinder eine gro\u00dfe Sandfl\u00e4che, in der sie nach Herzenslust buddeln und kreativ sein k\u00f6nnen. F\u00fcr viel Bewegung sorgen unsere zahlreichen Bobby Cars, sowie Zwei- und Dreir\u00e4der. Ein Kletterger\u00fcst l\u00e4dt die Kinder zus\u00e4tzlich zum Klettern und Bewegen ein, wodurch sie spielerisch ihre motorischen F\u00e4higkeiten st\u00e4rken.<\/p>\n<p>Die Lage der Kita zwischen dem Rehberge Park und dem Schillerpark bietet weitere M\u00f6glichkeiten, die Natur zu entdecken. Im Rehberge Park unternehmen wir regelm\u00e4\u00dfig Wanderungen und Ausfl\u00fcge, die den Forschergeist der Kinder anregen. Der Schillerpark begeistert mit zahlreichen Spielpl\u00e4tzen und einer gro\u00dfen Planschfl\u00e4che im Sommer, die viel Raum f\u00fcr Spa\u00df und Bewegung bieten. Hier genie\u00dfen die Kinder die Freiheit, sich auszutoben und den Kita-Alltag mit Freude in der Natur zu verbringen.<\/p>\n<h3>Unser bilinguales und interkulturelles Konzept:<\/h3>\n<p>Sprache ist der Schl\u00fcssel zur Welt und in unserer Kita \u00f6ffnen wir den Kindern die T\u00fcren zu einer vielf\u00e4ltigen, mehrsprachigen und interkulturellen Umgebung. Unser bilinguales Konzept bereichert die Kinder nicht nur sprachlich, sondern auch kulturell, indem sie t\u00e4glich mit zwei Sprachen und Kulturen in Ber\u00fchrung kommen. Bei uns erleben die Kinder die Vielfalt, der Welt hautnah und lernen, sich in einer multikulturellen Gesellschaft sicher und offen zu bewegen.<\/p>\n<p>Unser p\u00e4dagogisches Fachpersonal ist tief in beiden Kulturen verwurzelt und bringt umfangsreiche Erfahrungen und F\u00e4higkeiten aus beiden Sprachwelten mit. Mit dem Immersionsmodell \u201eEine Sprache, einer Person\u201c begleiten in jeder Gruppe zwei p\u00e4dagogische Fachkr\u00e4fte die Kinder: eine spricht Kurdisch, die andere Deutsch. Der gesamte Kita-Alltag wird so in beiden Sprachen gestaltet und gelebt. Unsere Materialien sind ebenfalls zweisprachig vorhanden, sodass die Kinder von B\u00fcchern \u00fcber Spiele bis hin zu Lernmaterialien alles in beiden Sprachen entdecken k\u00f6nnen.<\/p>\n<p>Besonderen Wert legen wir darauf, unser Material und unsere B\u00fccher sorgf\u00e4ltig zu pr\u00fcfen und auszuw\u00e4hlen. Wir analysieren unsere Inhalte regelm\u00e4\u00dfig, um diskriminierende oder vorurteilsbehaftete Darstellungen zu vermeiden und setzen auf Materialien, die Vielfalt, Toleranz und Inklusion f\u00f6rdern. Unser Ziel ist es, den Kindern eine Umgebung zu bieten, die frei von Vorurteilen ist und in der sie spielerisch lernen, die Welt aus verschiedenen Perspektiven zu betrachten. So werden sie zu offen, respektvollen und selbstbewussten Pers\u00f6nlichkeiten, die die Vielfalt unserer Gesellschaft zu sch\u00e4tzen wissen.<\/p>\n<h3>Schulvorbereitung<\/h3>\n<p>Bereits ein Jahr vor dem Schuleintritt werden alle Kinder durch gezielte, fachliche Beobachtungen individuell begleitet und in ihrer Entwicklung erfasst. Diese Begleitung erm\u00f6glicht es, den Entwicklungsstand jedes Kindes zu verstehen und spezifische Bedarfe zu identifizieren. Auf dieser Basis wird festgelegt, in welchen Bereichen das Kind noch gezielt gef\u00f6rdert werden kann, um bestm\u00f6glich auf den Schulstart vorbereitet zu sein.<\/p>\n<p>Zur Unterst\u00fctzung der Vorschularbeit kommt w\u00f6chentlich ein externer Kollege von Verein Yekmal, der auf die F\u00f6rderung von Kindern im Vorschulalter spezialisiert ist. Der Kollege arbeitet gezielt an den individuellen F\u00f6rderzielen der Kinder und tr\u00e4gt ma\u00dfgeblich zu ihrer Schulvorbereitung bei. Zus\u00e4tzlich wird das p\u00e4dagogische Personal gezielt f\u00fcr die Schulkind Arbeit eingesetzt und f\u00f6rdert die Kinder im Rahmen des t\u00e4glichen Kita-Alltags in den relevanten Bereichen. So wird eine umfassende und ma\u00dfgeschneiderte Vorbereitung auf den Schulbeginn gew\u00e4hrleistet.<\/p>\n<h3>Gesunde Ern\u00e4hrung<\/h3>\n<p>Unsere hauseigene K\u00fcche bereitet t\u00e4glich frische Mahlzeiten zu, einschlie\u00dflich Fr\u00fchst\u00fcck und Mittagessen. Dabei werden Gerichte aus zwei verschiedenen Kulturen integriert, um eine abwechslungsreiche und vielf\u00e4ltige Ern\u00e4hrung zu gew\u00e4hrleisten. Alle Speisen werden gem\u00e4\u00df den Richtlinien der Deutschen Gesellschaft f\u00fcr Ern\u00e4hrung (DGE) zubereitet, um eine ausgewogene und gesunde Ern\u00e4hrung sicherzustellen.<\/p>\n<h3>Unser fachkundiges Team<\/h3>\n<p>Unser Team setzt sich aus hochqualifizierten Fachkr\u00e4ften zusammen, die mit Leidenschaft arbeiten und kontinuierlich an Fort-und Weiterbildungen teilnehmen. Dies erm\u00f6glicht ihnen, ihre p\u00e4dagogische Arbeit stets fundiert und professionell zu gestalten.<\/p>\n<p>Wir freuen uns auf Sie und Ihre Kinder und laden Sie herzlich ein, uns pers\u00f6nlich kennen zu lernen. F\u00fcr weitere Fragen oder Vorstellungsgespr\u00e4che stehen wir Ihnen als Kita Piya Team Wedding gerne zur Verf\u00fcgung.<\/p>\n<h3>Kontaktdaten<\/h3>\n<p>Kita P\u00eeya Wedding<strong><br \/>\n<\/strong>Barfusstra\u00dfe 13, 13349 Berlin<br \/>\nTel.: 030 450 82 694<br \/>\nHandy: 0176 404 78 367<br \/>\nE-Mail: kita-piya-wedding@yekmal.de<br \/>\n\u00d6ffnungszeiten:\u00a0Montag bis Freitag: 07:30 &#8211; 17:00 Uhr<\/p>\n","protected":false},"excerpt":{"rendered":"<p>Die Kita Piya Wedding ist die weltweit erste bilinguale kurdisch-deutsche Kindertagesst\u00e4tte &#8211; mitten im bunten Wedding und auf Wunsch der &hellip; <\/p>\n","protected":false},"author":2,"featured_media":316,"parent":0,"menu_order":0,"comment_status":"closed","ping_status":"closed","template":"","meta":[],"_links":{"self":[{"href":"https:\/\/kitapiya.yekmal.de\/index.php?rest_route=\/wp\/v2\/pages\/47"}],"collection":[{"href":"https:\/\/kitapiya.yekmal.de\/index.php?rest_route=\/wp\/v2\/pages"}],"about":[{"href":"https:\/\/kitapiya.yekmal.de\/index.php?rest_route=\/wp\/v2\/types\/page"}],"author":[{"embeddable":true,"href":"https:\/\/kitapiya.yekmal.de\/index.php?rest_route=\/wp\/v2\/users\/2"}],"replies":[{"embeddable":true,"href":"https:\/\/kitapiya.yekmal.de\/index.php?rest_route=%2Fwp%2Fv2%2Fcomments&post=47"}],"version-history":[{"count":0,"href":"https:\/\/kitapiya.yekmal.de\/index.php?rest_route=\/wp\/v2\/pages\/47\/revisions"}],"wp:featuredmedia":[{"embeddable":true,"href":"https:\/\/kitapiya.yekmal.de\/index.php?rest_route=\/wp\/v2\/media\/316"}],"wp:attachment":[{"href":"https:\/\/kitapiya.yekmal.de\/index.php?rest_route=%2Fwp%2Fv2%2Fmedia&parent=47"}],"curies":[{"name":"wp","href":"https:\/\/api.w.org\/{rel}","templated":true}]}}