{"id":219,"date":"2022-10-26T09:46:11","date_gmt":"2022-10-26T09:46:11","guid":{"rendered":"https:\/\/kitapiya.yekmal.de\/?page_id=219"},"modified":"2022-10-26T09:46:17","modified_gmt":"2022-10-26T09:46:17","slug":"kita-piya-kreuzberg-2","status":"publish","type":"page","link":"https:\/\/kitapiya.yekmal.de\/?page_id=219&lang=kr","title":{"rendered":"Kita P\u00eeya Kreuzberg"},"content":{"rendered":"<p>Ji 1 saliy\u00ea heta dest bi dibistan\u00ea bi gi\u015ft\u00ee 45 zarok li navenda l\u00ean\u00ear\u00eena rojane ya P\u00eeya Kreuzberg\u00ea t\u00ean xwed\u00eekirin. Ji bil\u00ee bernameya perwerdehiy\u00ea ya Berl\u00een\u00ea, xebata perwerdehiy\u00ea li ser bingeha n\u00eaz\u00eekatiya Early Excellence ye, ku t\u00ea de n\u00ear\u00eena \u00e7avkaniy\u00ea bal\u00ea diki\u015f\u00eene ser p\u00ea\u015fve\u00e7\u00fbna kesane ya her zarokek. Gir\u00eeng ew e ku zarok bi l\u00eestik, l\u00eakol\u00een \u00fb ceribandin\u00ea kesayetiya xwe p\u00ea\u015f bixin \u00fb hewcedar\u00ee, eleqe \u00fb \u015fiyan\u00ean xwe nas bikin. Di \u00e7ar\u00e7oveya bernameya p\u00ea\u015fdibistan\u00ea de, zarok salek beriya ku dest bi dibistan\u00ea bikin, bi l\u00eestik\u00ean ziman\u00ee \u00fb hejmar\u00ee \u00fb hem j\u00ee bi temr\u00een \u00fb temr\u00een\u00ean motor\u00ean xwe\u015f ji bo destp\u00eakirina dibistan\u00ea t\u00ean amadekirin. Be\u015fek din a xebata pedagoj\u00eek j\u00ee xebata vekir\u00ee ye, ku bi konsepta j\u00fbreya vekir\u00ee ve gir\u00eaday\u00ee ye.<\/p>\n<p>Li &#8222;P\u00eeya&#8220;y\u00ea p\u00eanc odey\u00ean pedagoj\u00eek hene, odeyek ji bo 11 zarok\u00ean kre\u015f\u00ea li qadeke cuda t\u00ea bikaran\u00een. \u00c7ar odey\u00ean din bi giran\u00ee ji h\u00eala zarok\u00ean ji qada seretay\u00ee ve t\u00eane bikar an\u00een \u00fb dikarin bi xwe biryar bidin ka ew dixwazin be\u015fdar\u00ee k\u00eejan \u00e7alakiyan bibin. Her wiha li P\u00eeya qadeke kesk heye ku ji bo \u00e7alakiy\u00ean curbecur t\u00ea bikaran\u00een. Ta\u015ft\u00ea, firav\u00een \u00fb xwarin di mitbax\u00ea de ji h\u00eala du periy\u00ean metbex\u00ea ve li ser bingeha p\u00ea\u015fn\u00eeyar\u00ean Civaka Alman ji bo Standard\u00ean Qal\u00eeteya Xwarin\u00ea t\u00eane amadekirin. Ji bil\u00ee tuwaletek b\u00ea asteng, deverek paqij\u00ee ya mezin j\u00ee ji bo zarokan \u00eedeal e ku bi av\u00ea ceribandin\u00ea bikin.<\/p>\n<p>Li ser gotina &#8222;Ziman mifteya dinyay\u00ea ye&#8220; t\u00eageha duziman\u00ee pir gir\u00eeng e. P\u00eakan\u00eena duziman\u00ee li ser prens\u00eeba &#8222;yek kes &#8211; yek ziman&#8220; &#8211; &#8222;yek kes &#8211; yek ziman&#8220; e, ku di r\u00eabaza modela immersion\u00ea de hat\u00ee destn\u00ee\u015fankirin. P\u00eakan\u00eena di prat\u00eek\u00ea de ji aliy\u00ea xebatkar\u00ean pispor \u00ean n\u00eev Alman\u00ee \u00fb n\u00eev Kurd ve t\u00ea garant\u00eekirin da ku pi\u015ftgiriya duziman\u00ee ya zarokan bi awayek\u00ee her\u00ee ba\u015f bi cih b\u00eene.<br \/>\nLi gor\u00ee v\u00ea yek\u00ea, hem\u00fb \u00e7alakiy\u00ean bi zarokan re, p\u00ea\u015fniyar\u00ean projey\u00ea j\u00ee t\u00ea de, ji aliy\u00ea pisporan ve bi berdewam\u00ee %50 bi Alman\u00ee \u00fb %50 bi Kurd\u00ee t\u00eane kirin.<\/p>\n","protected":false},"excerpt":{"rendered":"<p>Ji 1 saliy\u00ea heta dest bi dibistan\u00ea bi gi\u015ft\u00ee 45 zarok li navenda l\u00ean\u00ear\u00eena rojane ya P\u00eeya Kreuzberg\u00ea t\u00ean xwed\u00eekirin. &hellip; <\/p>\n","protected":false},"author":2,"featured_media":76,"parent":0,"menu_order":0,"comment_status":"closed","ping_status":"closed","template":"","meta":[],"_links":{"self":[{"href":"https:\/\/kitapiya.yekmal.de\/index.php?rest_route=\/wp\/v2\/pages\/219"}],"collection":[{"href":"https:\/\/kitapiya.yekmal.de\/index.php?rest_route=\/wp\/v2\/pages"}],"about":[{"href":"https:\/\/kitapiya.yekmal.de\/index.php?rest_route=\/wp\/v2\/types\/page"}],"author":[{"embeddable":true,"href":"https:\/\/kitapiya.yekmal.de\/index.php?rest_route=\/wp\/v2\/users\/2"}],"replies":[{"embeddable":true,"href":"https:\/\/kitapiya.yekmal.de\/index.php?rest_route=%2Fwp%2Fv2%2Fcomments&post=219"}],"version-history":[{"count":0,"href":"https:\/\/kitapiya.yekmal.de\/index.php?rest_route=\/wp\/v2\/pages\/219\/revisions"}],"wp:featuredmedia":[{"embeddable":true,"href":"https:\/\/kitapiya.yekmal.de\/index.php?rest_route=\/wp\/v2\/media\/76"}],"wp:attachment":[{"href":"https:\/\/kitapiya.yekmal.de\/index.php?rest_route=%2Fwp%2Fv2%2Fmedia&parent=219"}],"curies":[{"name":"wp","href":"https:\/\/api.w.org\/{rel}","templated":true}]}}