{"id":197,"date":"2022-10-26T09:03:09","date_gmt":"2022-10-26T09:03:09","guid":{"rendered":"https:\/\/kitapiya.yekmal.de\/?page_id=197"},"modified":"2022-10-26T09:14:07","modified_gmt":"2022-10-26T09:14:07","slug":"kita-piya-2","status":"publish","type":"page","link":"https:\/\/kitapiya.yekmal.de\/?page_id=197&lang=kr","title":{"rendered":"Kita P\u00eeya"},"content":{"rendered":"<p>Peyva &#8222;P\u00eeya&#8220; ji ziman\u00ea kurd\u00ee zazak\u00ee t\u00ea \u00fb t\u00ea maneya &#8222;bi hev an bi hev re&#8220;.<\/p>\n<p>Li ser v\u00ea be\u015fa malpera me h\u00fbn \u00ea li ser kre\u015fa me ya duziman\u00ee ya bi nav\u00ea Kita P\u00eeya agahiyan bib\u00eenin. Yekmal du kre\u015f dime\u015f\u00eene. Yek bi nav\u00ea Kita P\u00eeya Wedding \u00fb ya din j\u00ee bi nav\u00ea Kita P\u00eeya Kreuzberg e. Wek\u00ee ku nav\u00ea wan diyar dike, yek li Wedding \u00fb y\u00ea din li Kreuzberg e.<\/p>\n","protected":false},"excerpt":{"rendered":"<p>Peyva &#8222;P\u00eeya&#8220; ji ziman\u00ea kurd\u00ee zazak\u00ee t\u00ea \u00fb t\u00ea maneya &#8222;bi hev an bi hev re&#8220;. Li ser v\u00ea be\u015fa &hellip; <\/p>\n","protected":false},"author":2,"featured_media":0,"parent":0,"menu_order":0,"comment_status":"closed","ping_status":"closed","template":"","meta":[],"_links":{"self":[{"href":"https:\/\/kitapiya.yekmal.de\/index.php?rest_route=\/wp\/v2\/pages\/197"}],"collection":[{"href":"https:\/\/kitapiya.yekmal.de\/index.php?rest_route=\/wp\/v2\/pages"}],"about":[{"href":"https:\/\/kitapiya.yekmal.de\/index.php?rest_route=\/wp\/v2\/types\/page"}],"author":[{"embeddable":true,"href":"https:\/\/kitapiya.yekmal.de\/index.php?rest_route=\/wp\/v2\/users\/2"}],"replies":[{"embeddable":true,"href":"https:\/\/kitapiya.yekmal.de\/index.php?rest_route=%2Fwp%2Fv2%2Fcomments&post=197"}],"version-history":[{"count":0,"href":"https:\/\/kitapiya.yekmal.de\/index.php?rest_route=\/wp\/v2\/pages\/197\/revisions"}],"wp:attachment":[{"href":"https:\/\/kitapiya.yekmal.de\/index.php?rest_route=%2Fwp%2Fv2%2Fmedia&parent=197"}],"curies":[{"name":"wp","href":"https:\/\/api.w.org\/{rel}","templated":true}]}}