{"id":19,"date":"2020-06-30T20:54:47","date_gmt":"2020-06-30T20:54:47","guid":{"rendered":"https:\/\/kitapiya.yekmal.de\/?page_id=19"},"modified":"2026-03-09T13:51:50","modified_gmt":"2026-03-09T13:51:50","slug":"impressum","status":"publish","type":"page","link":"https:\/\/kitapiya.yekmal.de\/?page_id=19","title":{"rendered":"IMPRESSUM"},"content":{"rendered":"\n<p><\/p>\n\n\n\n<p><strong>Verein der Eltern aus Kurdistan in Deutschland e. V.<\/strong> (Yekmal)<br>Sch\u00f6nleinstr. 23,10967 Berlin<br>Tel: 030 81797365<br>Fax: 030 81797366<br>E-Mail: info@yekmal.de<\/p>\n\n\n\n<p>Verantwortliche f\u00fcr journalistisch-redaktionelle Inhalte iSd. \u00a7 55 II RStV<\/p>\n\n\n\n<p>Vorstand des Vereins der Eltern aus Kurdistan in Deutschland e. V. :<\/p>\n\n\n\n<p>1. Vorsitzender: \u0130smail Ac\u0131o\u011flu<br>2. Vorsitzende: \u015e\u00fckran Pamuk\u00e7i<\/p>\n\n\n\n<p><strong>Haftungshinweis<\/strong><\/p>\n\n\n\n<p>Der Verein der Eltern aus Kurdistan in Deutschland e. V. \u00fcbernimmt keine Gew\u00e4hr f\u00fcr die Richtigkeit, Vollst\u00e4ndigkeit und Aktualit\u00e4t der auf dieser Website angebotenen Informationen. In keinem Fall wird f\u00fcr Sch\u00e4den, die sich aus der Nutzung oder Nichtnutzung dieser Website ergeben, eine Haftung \u00fcbernommen.<\/p>\n\n\n\n<p>F\u00fcr alle auf dieser Website angebotenen externen Links, die auf fremde Websites zeigen, auf denen Inhalte angeboten werden, die von Dritten zu verantworten sind, wird keine Haftung bez\u00fcglich der Inhalte \u00fcbernommen.<\/p>\n\n\n\n<p>Der Verein der Eltern aus Kurdistan in Deutschland e. V. erkl\u00e4rt hiermit, keinerlei Einfluss auf die aktuelle und zuk\u00fcnftige Gestaltung, die Inhalte oder die Urheberschaft der verlinkten Seiten zu haben, distanziert sich hiermit ausdr\u00fccklich von s\u00e4mtlichen Inhalten aller auf unserer Website verlinkten Seiten, die nach der Linksetzung ver\u00e4ndert wurden und macht sich diese Inhalte in keinem Fall zu Eigen.<\/p>\n\n\n\n<p>Wir sind dankbar f\u00fcr jeden Hinweis auf bedenkliche Inhalte von Seiten, auf die mittels Link von unserer Website aus verwiesen wird.<\/p>\n\n\n\n<p><strong>Urheberrechtshinweis<\/strong><\/p>\n\n\n\n<p>Alle Inhalte und Strukturen dieser Website sind urheber- und leistungsschutzrechtlich gesch\u00fctzt. Die Ver\u00f6ffentlichung im World Wide Web oder in sonstigen Diensten des Internet bedeutet noch keine Einverst\u00e4ndniserkl\u00e4rung f\u00fcr eine anderweitige Nutzung durch Dritte.<\/p>\n\n\n\n<p>Alle innerhalb dieser Website genannten und ggf. durch Dritte gesch\u00fctzten Marken- und Warenzeichen unterliegen uneingeschr\u00e4nkt den Bestimmungen des jeweils g\u00fcltigen Kennzeichenrechts und den Besitzrechten der jeweiligen eingetragenen Eigent\u00fcmer.<\/p>\n\n\n\n<p>Allein aufgrund der blo\u00dfen Nennung ist nicht der Schluss zu ziehen, dass Markenzeichen nicht durch Rechte Dritter gesch\u00fctzt sind.<\/p>\n\n\n\n<p><strong>Verein der Eltern aus Kurdistan in Deutschland e. V.. Alle Rechte vorbehalten.<\/strong><\/p>\n","protected":false},"excerpt":{"rendered":"<p>Verein der Eltern aus Kurdistan in Deutschland e. V. (Yekmal)Sch\u00f6nleinstr. 23,10967 BerlinTel: 030 81797365Fax: 030 81797366E-Mail: info@yekmal.de Verantwortliche f\u00fcr journalistisch-redaktionelle &hellip; <\/p>\n","protected":false},"author":1,"featured_media":0,"parent":0,"menu_order":0,"comment_status":"closed","ping_status":"closed","template":"","meta":[],"_links":{"self":[{"href":"https:\/\/kitapiya.yekmal.de\/index.php?rest_route=\/wp\/v2\/pages\/19"}],"collection":[{"href":"https:\/\/kitapiya.yekmal.de\/index.php?rest_route=\/wp\/v2\/pages"}],"about":[{"href":"https:\/\/kitapiya.yekmal.de\/index.php?rest_route=\/wp\/v2\/types\/page"}],"author":[{"embeddable":true,"href":"https:\/\/kitapiya.yekmal.de\/index.php?rest_route=\/wp\/v2\/users\/1"}],"replies":[{"embeddable":true,"href":"https:\/\/kitapiya.yekmal.de\/index.php?rest_route=%2Fwp%2Fv2%2Fcomments&post=19"}],"version-history":[{"count":0,"href":"https:\/\/kitapiya.yekmal.de\/index.php?rest_route=\/wp\/v2\/pages\/19\/revisions"}],"wp:attachment":[{"href":"https:\/\/kitapiya.yekmal.de\/index.php?rest_route=%2Fwp%2Fv2%2Fmedia&parent=19"}],"curies":[{"name":"wp","href":"https:\/\/api.w.org\/{rel}","templated":true}]}}