{"id":151,"date":"2021-03-13T20:47:16","date_gmt":"2021-03-13T20:47:16","guid":{"rendered":"https:\/\/kitapiya.yekmal.de\/?page_id=151"},"modified":"2026-03-09T13:54:32","modified_gmt":"2026-03-09T13:54:32","slug":"kita-piya","status":"publish","type":"page","link":"https:\/\/kitapiya.yekmal.de\/","title":{"rendered":"Kita P\u00eeya"},"content":{"rendered":"<p>Die Kita P\u00eeya ist weltweit die erste bilinguale kurdisch-deutsche Kindertagesst\u00e4tte. Aufgrund des gro\u00dfen Interesses und der Bed\u00fcrfnisse der Eltern wurde Yekmal e. V. ins Leben gerufen. Im Jahr 2014 erfolgte die offizielle Gr\u00fcndung der Kita. Inzwischen haben wir zwei Kitas in Berlin.<\/p>\n<p>Der Name &#8222;P\u00eeya&#8220; stammt aus dem Kurdischen\/Zazak\u00ee und bedeutet \u201eZusammen\u201c oder \u201eGemeinsam\u201c, was den integrativen und gemeinschaftlichen Ansatz unserer p\u00e4dagogischen Arbeit betont.<\/p>\n","protected":false},"excerpt":{"rendered":"<p>Die Kita P\u00eeya ist weltweit die erste bilinguale kurdisch-deutsche Kindertagesst\u00e4tte. Aufgrund des gro\u00dfen Interesses und der Bed\u00fcrfnisse der Eltern wurde &hellip; <\/p>\n","protected":false},"author":2,"featured_media":0,"parent":0,"menu_order":0,"comment_status":"closed","ping_status":"closed","template":"","meta":[],"_links":{"self":[{"href":"https:\/\/kitapiya.yekmal.de\/index.php?rest_route=\/wp\/v2\/pages\/151"}],"collection":[{"href":"https:\/\/kitapiya.yekmal.de\/index.php?rest_route=\/wp\/v2\/pages"}],"about":[{"href":"https:\/\/kitapiya.yekmal.de\/index.php?rest_route=\/wp\/v2\/types\/page"}],"author":[{"embeddable":true,"href":"https:\/\/kitapiya.yekmal.de\/index.php?rest_route=\/wp\/v2\/users\/2"}],"replies":[{"embeddable":true,"href":"https:\/\/kitapiya.yekmal.de\/index.php?rest_route=%2Fwp%2Fv2%2Fcomments&post=151"}],"version-history":[{"count":0,"href":"https:\/\/kitapiya.yekmal.de\/index.php?rest_route=\/wp\/v2\/pages\/151\/revisions"}],"wp:attachment":[{"href":"https:\/\/kitapiya.yekmal.de\/index.php?rest_route=%2Fwp%2Fv2%2Fmedia&parent=151"}],"curies":[{"name":"wp","href":"https:\/\/api.w.org\/{rel}","templated":true}]}}